{"id":3894,"date":"2020-01-23T22:32:36","date_gmt":"2020-01-23T22:32:36","guid":{"rendered":"https:\/\/luxiona.beastiecode.com\/home\/"},"modified":"2020-09-01T12:46:53","modified_gmt":"2020-09-01T12:46:53","slug":"home","status":"publish","type":"page","link":"https:\/\/luxiona.pl\/de\/","title":{"rendered":"Home"},"content":{"rendered":"\n<p><strong>LUXIONA GmbH ist ein Teil der  spanischen LUXIONA-Gruppe, die seit mehr als 90 Jahren auf dem  internationalen Beleuchtungsmarkt erfolgreich agiert. <\/strong><\/p>\n\n\n\n<p>Die Mission von LUXIONA GmbH ist  komplette Beleuchtungsl\u00f6sungen zu designen, bei den die neusten  Technologien eingesetzt werden und die an rechtliche und  gesellschaftliche Anforderungen angepasst sind. Aus diesem Grund  arbeitet das leistungsstarke Team st\u00e4ndig an innovativen technologischen  L\u00f6sungen, in den Stromersparnisse inklusive Umweltschutz ber\u00fccksichtigt  werden. Die Qualit\u00e4t unserer Produkte sowie die Leistungsf\u00e4higkeit  unserer Servicestellen werden kontinuierlich verbessert und wir lassen  die Bed\u00fcrfnisse unserer Kunden fortdauernd \u00fcberpr\u00fcfen.<\/p>\n\n\n\n<p>Die LUXIONA-Gruppe, sowie die Firma  LUXIONA GmbH , die die Strategie der Unternehmensgruppe umsetzt, sind  Fachunternehmen f\u00fcr Design und Entwicklung von Beleuchtungssystemen f\u00fcr  Innen- und Au\u00dfenbereich. Grundlage f\u00fcr die T\u00e4tigkeit der Firmen sind  ihren soliden fachm\u00e4nnischen Erfahrungen sowie eine gro\u00dfe Bandbreite von  hergestellten Marken. Einen unabk\u00f6mmlichen Teil des Angebots von  LUXIONA GmbH stellen komplexe Beleuchtungsl\u00f6sungen dar, die die  Produktion selbst sowie ein weites Spektrum von Planungsleistungen  umfassen. Diese Aufgaben werden von hochkar\u00e4tigen Planern umgesetzt, die  ma\u00dfgeschnittene L\u00f6sungen u.a. f\u00fcr architektonische R\u00e4ume, den  Reinbereich, Verkaufsfl\u00e4chen usw. vorbereiten.<\/p>\n","protected":false},"excerpt":{"rendered":"<p>LUXIONA GmbH ist ein Teil der spanischen LUXIONA-Gruppe, die seit mehr als 90 Jahren auf dem internationalen Beleuchtungsmarkt erfolgreich agiert. [&hellip;]<\/p>\n","protected":false},"author":5,"featured_media":3895,"parent":0,"menu_order":0,"comment_status":"closed","ping_status":"closed","template":"","meta":{"_acf_changed":false,"_monsterinsights_skip_tracking":false,"_monsterinsights_sitenote_active":false,"_monsterinsights_sitenote_note":"","_monsterinsights_sitenote_category":0,"footnotes":""},"class_list":["post-3894","page","type-page","status-publish","has-post-thumbnail","hentry"],"acf":[],"_links":{"self":[{"href":"https:\/\/luxiona.pl\/de\/wp-json\/wp\/v2\/pages\/3894","targetHints":{"allow":["GET"]}}],"collection":[{"href":"https:\/\/luxiona.pl\/de\/wp-json\/wp\/v2\/pages"}],"about":[{"href":"https:\/\/luxiona.pl\/de\/wp-json\/wp\/v2\/types\/page"}],"author":[{"embeddable":true,"href":"https:\/\/luxiona.pl\/de\/wp-json\/wp\/v2\/users\/5"}],"replies":[{"embeddable":true,"href":"https:\/\/luxiona.pl\/de\/wp-json\/wp\/v2\/comments?post=3894"}],"version-history":[{"count":3,"href":"https:\/\/luxiona.pl\/de\/wp-json\/wp\/v2\/pages\/3894\/revisions"}],"predecessor-version":[{"id":6934,"href":"https:\/\/luxiona.pl\/de\/wp-json\/wp\/v2\/pages\/3894\/revisions\/6934"}],"wp:featuredmedia":[{"embeddable":true,"href":"https:\/\/luxiona.pl\/de\/wp-json\/wp\/v2\/media\/3895"}],"wp:attachment":[{"href":"https:\/\/luxiona.pl\/de\/wp-json\/wp\/v2\/media?parent=3894"}],"curies":[{"name":"wp","href":"https:\/\/api.w.org\/{rel}","templated":true}]}}