{"id":3920,"date":"2020-02-09T07:58:39","date_gmt":"2020-02-09T07:58:39","guid":{"rendered":"https:\/\/luxiona.beastiecode.com\/o-nas\/"},"modified":"2026-04-03T07:02:58","modified_gmt":"2026-04-03T07:02:58","slug":"uber-uns","status":"publish","type":"page","link":"https:\/\/luxiona.pl\/de\/uber-uns\/","title":{"rendered":"\u00dcber uns"},"content":{"rendered":"\n<div class=\"row\">\n    <section id=\"block-row-block_71c4a12f4e6d80e41f20870f6567ebb1\" class=\"container-fluid   mb-5\">\n        <div class=\"row\">\n            <div class=\"container \">\n                <div class=\"row align-items-stretch\">\n                                                        <div class=\"col-lg-4 \">\n                            <div class=\"imgbox-container h-100\">\n        <div class=\"imgbox py-5 d-flex align-items-center justify-content-center text-center h-100\" style=\"background-image:url(https:\/\/luxiona.pl\/wp-content\/uploads\/2019\/12\/DSC08235-kopia.jpg);\">\n            <h3>Ein Experte f\u00fcr die Erstellung von Beleuchtungssystemen<\/h3>\n        <\/div>\n    <\/div>\n  \n                    <\/div>\n                                        <div class=\"col-lg-8\">\n                        <p><!-- wp:paragraph --><\/p>\n<p><strong>LUXIONA geh\u00f6rt zur spanischen LUXIONA-Gruppe, die seit \u00fcber 90 Jahren erfolgreich auf dem internationalen Markt der Beleuchtungsindustrie t\u00e4tig ist.<\/strong><\/p>\n<p><!-- \/wp:paragraph --> <!-- wp:paragraph --><\/p>\n<p>Die LUXIONA-Gruppe, sowie die Firma LUXIONA , die die Strategie der Unternehmensgruppe umsetzt, sind Fachunternehmen f\u00fcr Design und Entwicklung von Beleuchtungssystemen f\u00fcr Innen- und Au\u00dfenbereich. Grundlage f\u00fcr die T\u00e4tigkeit der Firmen sind ihren soliden fachm\u00e4nnischen Erfahrungen sowie eine gro\u00dfe Bandbreite von hergestellten Marken. Einen unabk\u00f6mmlichen Teil des Angebots von LUXIONA stellen komplexe Beleuchtungsl\u00f6sungen dar, die die Produktion selbst sowie ein weites Spektrum von Planungsleistungen umfassen. Diese Aufgaben werden von hochkar\u00e4tigen Planern umgesetzt, die ma\u00dfgeschnittene L\u00f6sungen u.a. f\u00fcr architektonische R\u00e4ume, den Reinbereich, Verkaufsfl\u00e4chen usw. vorbereiten.<\/p>\n<p><!-- \/wp:paragraph --> <!-- wp:paragraph --><\/p>\n<p>LUXIONA ist der absolute Marktf\u00fchrer von CLEAN ROOM &#8211; L\u00f6sungen, f\u00fcr sog. Reinr\u00e4ume, d.h. die Firma bietet sterile Beleuchtung f\u00fcr Krankenhausr\u00e4ume, Beleuchtung f\u00fcr Pharmaproduktionsbetriebe sowie chemische Labors an.<\/p>\n<p><!-- \/wp:paragraph --> <!-- wp:paragraph --><\/p>\n<p>In LUXIONA sind Fachleute aus der Beleuchtungsbranche besch\u00e4ftigt, die \u00fcber sehr umfangreiche Erfahrung verf\u00fcgen. Wenn das Team von LUXIONA ein Projekt managt, garantiert es, dass bei einem Bauvorhaben nur die bestm\u00f6glichen technischen L\u00f6sungen eingesetzt werden und die Beleuchtung zielgerecht an bedarfsgerecht eingeplant wird. Das Team von LUXIONA ist auf Umsetzung von Projekten spezialisiert, bei den eine individuelle Vorgehensweise und der Einsatz der modernsten Technologien erforderlich sind.<\/p>\n<p><!-- \/wp:paragraph --> <!-- wp:paragraph --><\/p>\n<p>Beleuchtungssysteme in beispielhaften renommierten Anlagen, die von der LUXIONA-Gruppe und LUXIONA ausgef\u00fchrt wurden:<\/p>\n<p><!-- \/wp:paragraph --> <!-- wp:paragraph --><\/p>\n<p>\u2022 Kathedrale Sagrada Familia in Barcelona, nach dem Entwurf von Antonio Gaudiego<br \/>\n\u2022 Stadt der Gerechtigkeit in Barcelona nach dem Entwurf von David Chipperfeld<br \/>\n\u2022 Zentralbahnhof in Warschau<br \/>\n\u2022 B\u00fcrogeb\u00e4ude Catalina in Warschau<br \/>\n\u2022 Zentrum f\u00fcr Krebsprophylaxe in Warschau.<\/p>\n<p><!-- \/wp:paragraph --><\/p>\n                    <\/div>\n                                                    <\/div>\n            <\/div>\n        <\/div>\n    <\/section>\n<\/div>\n\n\n<div class=\"row\">\n    <section id=\"block-row-block_2449b74cdb4e7a4c9d7776011fb4d2cf\" class=\"container-fluid   mb-5\">\n        <div class=\"row\">\n            <div class=\"container \">\n                <div class=\"row \">\n                                                        <div class=\"col-12\">\n                        <h3 class=\"color-lux-gray\">LEISTUNGSUMFANG<\/h3>\n<p>Gegenstand der T\u00e4tigkeit von LUXIONA ist die Umsetzung von kompletten Auftr\u00e4gen, bei den es um kreative Beleuchtungssysteme geht. Hier gibt es eine Planungsphase, in der die Auswahl der richtigen Leuchten erfolgt, und ein ma\u00dfgeschnittener Produktionsprozess, bei dem es auf die Bed\u00fcrfnisse eines konkreten Bauvorhabens eingegangen wird. Die Leistungen, die vom Produktionsbetrieb erbracht werden, zeichnen sich durch Flexibilit\u00e4t bei der Produktmodifizierung und durch kurze Termine aus.<\/p>\n<p>Ein umfangreiches Produktangebot sowie flexible Leistungen des Produktionsbereiches, die in Anspruch genommen werden, k\u00f6nnen garantieren uneingeschr\u00e4nkte M\u00f6glichkeiten in der Planung von Beleuchtungssystemen f\u00fcr anspruchsvollste architektonische L\u00f6sungen.<\/p>\n<p>Im Angebot von Luxiona befinden sich auch fertige Programme, die f\u00fcr Architekten und Lichtplaner sehr hilfreich sein k\u00f6nnen. Im Rahmen dieser Programme wurden von einer Gruppe von Fachleuten praktische Beleuchtungssysteme erarbeitet, die an konkrete R\u00e4ume und R\u00e4umlichkeiten gewidmet sind:<\/p>\n                    <\/div>\n                                                    <\/div>\n            <\/div>\n        <\/div>\n    <\/section>\n<\/div>\n\n\n<div class=\"row\">\n    <section id=\"block-row-block_838d43c888c9ebcc8e0a335e7479ea70\" class=\"container-fluid   mb-5\">\n        <div class=\"row\">\n            <div class=\"container \">\n                <div class=\"row justify-content-start\">\n                                                        <div class=\"col-lg-4 mb-4\">\n                            <div class=\"imgbox-container \">\n        <div class=\"imgbox py-5 d-flex align-items-center justify-content-center text-center\" style=\"background-image:url(https:\/\/luxiona.pl\/wp-content\/uploads\/2020\/02\/JOLLY_1.jpg);\">\n            <h3>Clean<\/h3>\n        <\/div>\n    <\/div>\n  \n<p><strong>Beleuchtungssysteme f\u00fcr Reinr\u00e4ume<\/strong><\/p>\n<p>Luxiona ist ein Marktf\u00fchrer auf dem Gebiet der Beleuchtung f\u00fcr Reinr\u00e4ume. Eine breite Palette von CLEAN-Leuchten garantiert Qualit\u00e4t und Sicherheit der Beleuchtung in solchen Reinr\u00e4umen wie Operationss\u00e4le, R\u00e4ume in der Umgebung der Operationss\u00e4le, Sterilisationsr\u00e4ume, Labors, Bereiche mit Pharamproduktion<\/p>\n                    <\/div>\n                                        <div class=\"col-lg-4 mb-4\">\n                            <div class=\"imgbox-container \">\n        <div class=\"imgbox py-5 d-flex align-items-center justify-content-center text-center\" style=\"background-image:url(https:\/\/luxiona.pl\/wp-content\/uploads\/2019\/12\/IMG_8569.jpg);\">\n            <h3>AUSSTELLUNG UND VERKAUF <\/h3>\n        <\/div>\n    <\/div>\n  \n<p><strong> Beleuchtungssysteme f\u00fcr Gesch\u00e4fte<\/strong><br \/>\nEin Spezialangebot mit L\u00f6sungen f\u00fcr Gesch\u00e4fte und Superm\u00e4rkte. Grundlage hierf\u00fcr stellt eine besondere technische L\u00f6sung dar, mit den finanzielle Ersparnisse erzielt werden k\u00f6nnen.<\/p>\n<p>In Gesch\u00e4ften werden schon lange unterschiedliche Methoden des Duft-Marketings oder Audio-Marketings angewandt, die den Kunden \u00fcber seine Sinne beeinflussen.<\/p>\n<p>Nach Grunds\u00e4tzen des Merchandisings und des Beleuchtungsmarketings haben wir ein Produktangebot vorbereitet, mit dem eine &#8222;Betonung&#8220; der Premium-Produkte in den Gesch\u00e4ftsg\u00e4ngen m\u00f6glich ist. Hauptidee dieses Programms ist eine neuer Ansatz im Bezug auf die Funktion, die die Beleuchtung in einem Gesch\u00e4ft erf\u00fcllt<\/p>\n                    <\/div>\n                                        <div class=\"col-lg-4 mb-4\">\n                            <div class=\"imgbox-container \">\n        <div class=\"imgbox py-5 d-flex align-items-center justify-content-center text-center\" style=\"background-image:url(https:\/\/luxiona.pl\/wp-content\/uploads\/2019\/12\/DSC06328-1.jpg);\">\n            <h3>SCHULEN<\/h3>\n        <\/div>\n    <\/div>\n  \n<p><strong>Beleuchtungssysteme f\u00fcr Bildungsst\u00e4tte<\/strong><br \/>\nDas Programm Schule ist f\u00fcr uns au\u00dfergew\u00f6hnlich, denn es stellt f\u00fcr uns eine Art von Mission f\u00fcr unsere Firma dar. Unsere Fachleute haben ein Spezialangebot f\u00fcr Schulen ausgearbeitet, in dem die die Gesundheit und Entwicklung der Kinder im Vordergrund steht. Wir m\u00f6chten, dass durch unsere Arbeit die Kinder bessere Bedingungen zum Lernen bekommen, unter den ihre Entwicklung stimuliert wird, und sie keine Probleme mit ihren Augen und ihrer Konzentration mehr bekommen. Es ist bewiesen, dass gutes Licht die Schnelligkeit des Lesen verbessert und die Konzentration der Kinder f\u00f6rdert.<\/p>\n<p>Unser Angebot wurde erstellt, um den Kindern bestm\u00f6gliche Beleuchtungsbedingungen in den Schulen anzubieten dabei sollten die Finanzen der Schulen geschont werden.<\/p>\n<p>Mit Hilfe der Produkte, die in unserem Modellprojekt angewandt werden, k\u00f6nnen optimale Lichtst\u00e4rke, optimale Lichtrichtung und Farbe erreicht und gleichzeitig deutliche Ersparnisse aufgrund des reduzierten Energieverbrauchs verzeichnet werden.<\/p>\n                    <\/div>\n                                        <div class=\"col-lg-4 mb-4\">\n                            <div class=\"imgbox-container \">\n        <div class=\"imgbox py-5 d-flex align-items-center justify-content-center text-center\" style=\"background-image:url(https:\/\/luxiona.pl\/wp-content\/uploads\/2019\/12\/DSC08235-kopia.jpg);\">\n            <h3>GR\u00dcNE TANKSTELLE<\/h3>\n        <\/div>\n    <\/div>\n  \n<p><strong>Beleuchtungssysteme f\u00fcr Tankstellen<\/strong><\/p>\n<p>Das Programm ist an Besitzer von Tankstellen gerichtet. Es bietet eine optimale Beleuchtung der einzelnen Elemente einer Tankstelle an. Eingesetzte modernste LED-Beleuchtungstechnologien mit Steuerung, sowie vollautomatisches Betriebssystem tragen zu Energieeinsparungen bei und wirken sich positiv auf das Image einer Tankstelle aus. Zus\u00e4tzlich ist durch innovative L\u00f6sungen f\u00fcr die Beleuchtung der senkrechten Fl\u00e4chen eine Tankstelle von der Stra\u00dfe besser zu sehen.<\/p>\n                    <\/div>\n                                        <div class=\"col-lg-4 mb-4\">\n                            <div class=\"imgbox-container \">\n        <div class=\"imgbox py-5 d-flex align-items-center justify-content-center text-center\" style=\"background-image:url(https:\/\/luxiona.pl\/wp-content\/uploads\/2019\/12\/DSC05762.jpg);\">\n            <h3>OUTDOOR<\/h3>\n        <\/div>\n    <\/div>\n  \n<p><strong>Beleuchtung f\u00fcr architektonische Au\u00dfenfl\u00e4chen<\/strong><\/p>\n<p>Ein komplexer Systemvorschlag f\u00fcr die Au\u00dfenbeleuchtung, der unter Ber\u00fccksichtigung der neusten technologischen und Designl\u00f6sungen erarbeitet wurde. Das System ist f\u00fcr solche Bereiche wie Stra\u00dfenbeleuchtung, Wegbeleuchtung, Stadtbeleuchtung, Parkbeleuchtung und f\u00fcr Illuminationsprojekte bestimmt.<\/p>\n                    <\/div>\n                                        <div class=\"col-12\">\n                        <p>Luxiona bietet komplexe Beleuchtungsl\u00f6sungen sowie umfangreiche Kundenberatung an, die von den Experten in jeder Umsetzungsphase von Beleuchtungsinvestitionen geleistet wird.<br \/>\nEin breites Produktangebot von Luxiona erlaubt L\u00f6sungen zu kreieren, die f\u00fcr konkrete Bauvorhaben bestimmt sind. Die Produktliste aus dem Produktkatalog ist nur der Ausgangspunkt f\u00fcr die Erarbeitung eines ma\u00dfgeschnittenen Beleuchtungsprojektes.<\/p>\n                    <\/div>\n                                                    <\/div>\n            <\/div>\n        <\/div>\n    <\/section>\n<\/div>\n\n\n<div class=\"row\">\n    <section id=\"block-row-block_be6f13d74e7c5eb8f25390240d52f59e\" class=\"container-fluid   mb-5\">\n        <div class=\"row\">\n            <div class=\"container \">\n                <div class=\"row \">\n                                                        <div class=\"col-lg-8\">\n                        <p>Das Produktionsbetrieb der Firma LUXIONA liegt in Jacent\u00f3w, bei Ostrowiec \u015awi\u0119tokrzyski. Das gesamte Grundst\u00fcck, auf dem die Fabrik steht, ist 57,000 m2 gro\u00df. Bei der Produktion in dem Betrieb werden die modernsten L\u00f6sungen und Technologien angewandt. Die Kraft des Produktionsbetriebes liegt in seinem umfangreichen Maschinenpark, den h\u00f6chsten Kompetenzen der Mitarbeiter sowie der Produktionsflexibilit\u00e4t, kurzen Terminen der Auftragsumsetzung, ma\u00dfgeschnittenen L\u00f6sungen und der Produktivit\u00e4t.<br \/>\nIm Lager des Produktionsbetriebes gibt es ca. 35.000 Fertigwarenindexe, wie z.B. der architektonischen Leuchten, Scheinwerfer, Einbauleuchten, Deckenleuchten, CLEAN-Leuchten, Industrie- und Sportleuchten sowie Au\u00dfenleuchten.<br \/>\nDurch eine kontinuierliche Leuchtenproduktion und ma\u00dfgeschnittene L\u00f6sungen kann die Firma LUXIONA schnell auf die dynamische Marktentwicklung und auf den wechselnden Marktbedarf zu reagieren.<\/p>\n<p>Download:<\/p>\n<p><a href=\"https:\/\/luxiona.pl\/wp-content\/uploads\/2023\/05\/Certyfikat-Luxiona-9001-ang.pdf\" target=\"_blank\" rel=\"noopener\">Zertifikat ISO 9001<\/a><br \/>\n<a href=\"https:\/\/luxiona.pl\/wp-content\/uploads\/2023\/05\/Certyfikat-Luxiona-14001-ang.pdf\" target=\"_blank\" rel=\"noopener\">Zertifikat ISO 14001<\/a><br \/>\n<a href=\"https:\/\/luxiona.pl\/wp-content\/uploads\/2026\/04\/LUXIONA-ISO13485-pol-eng_2026-2029.pdf\">Zertifikat ISO 13485<\/a><br \/>\n<a href=\"https:\/\/luxiona.pl\/wp-content\/uploads\/2023\/05\/491-3_CERTYFIKAT-Luxiona-HACCP-ang.pdf\" target=\"_blank\" rel=\"noopener\">Zertifikat HACCP<\/a><\/p>\n                    <\/div>\n                                        <div class=\"col-lg-4\">\n                            <div class=\"imgbox-container h-100\">\n        <div class=\"imgbox py-5 d-flex align-items-center justify-content-center text-center h-100\" style=\"background-image:url(https:\/\/luxiona.pl\/wp-content\/uploads\/2020\/02\/montaz.jpg);\">\n            <h3>PRODUKTIONSBETRIEB IN POLEN &#8211; JACENT\u00d3W <\/h3>\n        <\/div>\n    <\/div>\n  \n                    <\/div>\n                                                    <\/div>\n            <\/div>\n        <\/div>\n    <\/section>\n<\/div>\n\n\n<div class=\"row\">\n    <section id=\"block-row-block_bede17420c2862f927e9693f47ae03a7\" class=\"container-fluid   mb-5\">\n        <div class=\"row\">\n            <div class=\"container \">\n                <div class=\"row \">\n                                                        <div class=\"col-lg-4\">\n                            <div class=\"imgbox-container h-100\">\n        <div class=\"imgbox py-5 d-flex align-items-center justify-content-center text-center h-100\" style=\"background-image:url(https:\/\/luxiona.pl\/wp-content\/uploads\/2020\/02\/luxiona-historia.jpg);\">\n            <h3>Erfahrung aus zwei Jahrhunderten<\/h3>\n        <\/div>\n    <\/div>\n  \n                    <\/div>\n                                        <div class=\"col-lg-8\">\n                        <p>Luxiona nahm ihre Aktivit\u00e4ten auf dem Beleuchtungsmarkt infolge der Expansion der Luxiona Gruppe auf. Die Gruppe hat im Rahmen der Umsetzung ihres Entwicklungsplans in ihre Runde eine Firma mit polnischen Wurzeln aufgenommen, die auch \u00fcber enorme Erfahrung auf dem Beleuchtungsmarkt sowie \u00fcber professionell vorbereiteten Produktionsbereich verf\u00fcgt und die zuvor unter den Namen Aga Light bekannt war.<\/p>\n<p><strong>Geschichte von Aga Light SA in Polen:<\/strong><\/p>\n<p>Produktion und Angebot:<\/p>\n<p>Der Hersteller und Vertreiber von Leuchten, die in Polen hergestellt und f\u00fcr Spezialr\u00e4ume, B\u00fcror\u00e4ume, Gesch\u00e4ftsr\u00e4ume und Industrier\u00e4ume entworfen wurden, hat seinen Sitz in Jacent\u00f3w und sein Handelsb\u00fcro in Macierzysz.<\/p>\n<p>Umweltschutz:<\/p>\n<p>Aga Light SA hat als eine polnische Firma sehr umfangreiche Aktivit\u00e4ten zum Umweltschutz und zur F\u00f6rderung von energiesparsamen Beleuchtungssystemen ergriffen.<\/p>\n<p>Im Jahr 2009 trat AGA LIGHT SA in die Reihen der spanischen LUXIONA Gruppe ein, wie es im Entwicklungspl\u00e4nen der Gruppe vorgesehen war.<br \/>\nDie spanische Gruppe LUXIONA, die erfolgreich auf dem spanischen Markt der professionellen Beleuchtung agiert, gilt als Anbieter der komplexesten Beleuchtungsl\u00f6sungen auf dem europ\u00e4ischen Markt. Die Gruppe setzt konsequent ihre Pl\u00e4ne der internationalen Entwicklung um und erweitert kontinuierlich ihr Produktangebot. Die Gruppe bilden folgende Marken: Troll ( technische Beleuchtung), Metalarte (Zierbeleuchtung), Sagelux (Notbeleuchtung) LED &amp; Co (Diodenbeleuchtung).<\/p>\n<p><strong>Geschichte der Luxiona Gruppe:<\/strong><\/p>\n<p>Marken, die Teile der Luxiona Gruppe sind, vereinen in ihrem Angebot Erfahrungen von zahlreichen engagierten Fachleuten, die an ihrer Entwicklung in den letzten zwei Jahrhunderten gearbeitet haben:<br \/>\n1929 TROLL<br \/>\n1932 METALARTE<br \/>\n1982 SAGELUX<br \/>\n1999 LED&amp;CO<br \/>\nIm Jahr 1929 einsteht J. Feliu de la Penya, eine Frima, die sich mit der Produktion und dem Vertrieb von Innenbeleuchtungsprodukten befasst.<br \/>\nIm Jahr 1932 kommt es zur Entstehung der Marke Metalarte, die auf Planung, Produktion und Verkauf von Zierbeleuchtung eingestellt ist.<br \/>\nIm Jahr 1974 wurde die Marke Troll geboren, die ihre Produktion auf Stromschienen Systemen aufbaute, mit den eine flexible Anordnung der Leuchten, insbesondere der Strahler m\u00f6glich war. Die Inspirationsquelle daf\u00fcr war das damalige elektrische Verkehrssystem mit den beliebten Trolleybussen, die in Gro\u00dfst\u00e4dten in der ganzen Welt kursierten. Der Erfolg dieser genialen Erfindung (die im Jahr 1961 patentiert wurde) trug zum Anstieg des Verkaufs in der Firma Troll bei, die zu den Marktf\u00fchrerin der Beleuchtungsbranche wurde.<br \/>\nDia Jahre 1980- 1989 sind die Phase der gro\u00dfen Expansion der Firma, die sich ihre Spitzenposition unter den Beleuchtungsfirmen in Spanien sicherte. Er\u00f6ffnung unseres Hauptplanungszentrums und Entwicklung einer effektiven Vertriebsstrategie.<br \/>\n1989 erfolgte eine \u00dcbernehme und eine Fusion zwischen den Firmen Nipsa und Fludesa, Fachfirmen spezialisiert in der Leuchtstoffbeleuchtung.<br \/>\n1990- 1999 &#8211; Erfolgreiche Expansion auf den internationalen M\u00e4rkten, dabei wurden Vertretungen in Frankreich, Deutschland, Mexiko und Italien er\u00f6ffnet.<br \/>\n1999 kam es zum Kauf der Firma Metalarte, einer Fachfirma f\u00fcr dekorative Beleuchtung, sowie der Firma Tronics (Led&amp;Co), Hersteller von Ausr\u00fcstung und elektronischen Systemen f\u00fcr Beleuchtungsprodukte.<br \/>\nIm Jahr 2002 wurde eine Vertretung in Portugal er\u00f6ffnet.<br \/>\nIm Jahr 2007 wurde die Firma Promolec S.L. (Sagelux) gekauft, ein Fachunternehmen auf dem Gebiet der Notbeleuchtung. Es fand auch eine Er\u00f6ffnung einer Niederlassung in China statt, deren Produktion, Verkauf und Vertrieb f\u00fcr den einheimischen Markt bestimmt ist.<br \/>\n2008 wurde eine neue Handelsgesellschaft in Holland gegr\u00fcndet.<br \/>\n2009 kam es zum Kauf der Firma Aga Light S.A. (Polen), deren Fachgebiet die Produktion von hermetischen Leuchten f\u00fcr Reinr\u00e4ume ist.<br \/>\n2011 &#8211; Ausbau der Marke LUXIONA zu einer soliden Unternehmensgruppe, die sich auf optimale Komplettl\u00f6sungen spezialisiert hat und \u00fcber komplettes und leistungsstarkes, aus Beleuchtungsmarken bestehendes Team verf\u00fcgt.<\/p>\n                    <\/div>\n                                                    <\/div>\n            <\/div>\n        <\/div>\n    <\/section>\n<\/div>","protected":false},"excerpt":{"rendered":"","protected":false},"author":5,"featured_media":0,"parent":0,"menu_order":0,"comment_status":"closed","ping_status":"closed","template":"","meta":{"_acf_changed":false,"_monsterinsights_skip_tracking":false,"_monsterinsights_sitenote_active":false,"_monsterinsights_sitenote_note":"","_monsterinsights_sitenote_category":0,"footnotes":""},"class_list":["post-3920","page","type-page","status-publish","hentry"],"acf":[],"_links":{"self":[{"href":"https:\/\/luxiona.pl\/de\/wp-json\/wp\/v2\/pages\/3920","targetHints":{"allow":["GET"]}}],"collection":[{"href":"https:\/\/luxiona.pl\/de\/wp-json\/wp\/v2\/pages"}],"about":[{"href":"https:\/\/luxiona.pl\/de\/wp-json\/wp\/v2\/types\/page"}],"author":[{"embeddable":true,"href":"https:\/\/luxiona.pl\/de\/wp-json\/wp\/v2\/users\/5"}],"replies":[{"embeddable":true,"href":"https:\/\/luxiona.pl\/de\/wp-json\/wp\/v2\/comments?post=3920"}],"version-history":[{"count":10,"href":"https:\/\/luxiona.pl\/de\/wp-json\/wp\/v2\/pages\/3920\/revisions"}],"predecessor-version":[{"id":15228,"href":"https:\/\/luxiona.pl\/de\/wp-json\/wp\/v2\/pages\/3920\/revisions\/15228"}],"wp:attachment":[{"href":"https:\/\/luxiona.pl\/de\/wp-json\/wp\/v2\/media?parent=3920"}],"curies":[{"name":"wp","href":"https:\/\/api.w.org\/{rel}","templated":true}]}}