{"id":4072,"date":"2020-02-16T15:56:37","date_gmt":"2020-02-16T15:56:37","guid":{"rendered":"https:\/\/beta.luxiona.pl\/do-pobrania\/"},"modified":"2026-04-03T07:01:41","modified_gmt":"2026-04-03T07:01:41","slug":"downloads","status":"publish","type":"page","link":"https:\/\/luxiona.pl\/de\/downloads\/","title":{"rendered":"Downloads"},"content":{"rendered":"\n<h2 class=\"wp-block-heading\">Kataloge<\/h2>\n\n\n<div class=\"row\">\n    <section id=\"block-row-block_766258e893fd69e969021f35c4426ec5\" class=\"container-fluid  luxiona-block block-dowload  mb-5\">\n        <div class=\"row\">\n            <div class=\"container \">\n                <div class=\"row \">\n                                                        <div class=\"col-lg-3 col-md-6 col-12 mb-4\">\n                            <a href=\"https:\/\/luxiona.pl\/wp-content\/uploads\/2022\/10\/Brochure_office-lighting-A4_28.07.2022-v1.40-DE-1.pdf\" target=\"_blank\" class=\"px-5  d-block\">\n                                <div class=\"text-center\">\n                                    <img decoding=\"async\" src=\"https:\/\/luxiona.pl\/wp-content\/uploads\/2022\/07\/office-lighting-cover.jpg\" class=\"img-fluid\" \/>\n                                <\/div>\n                                <div class=\"text-center\">\n                                    <p class=\"mt-3\">B\u00fcrobeleuchtung<\/p>\n                                <\/div>   \n                            <\/a>\n                        <\/div>\n                                        <div class=\"col-lg-3 col-md-6 col-12 mb-4\">\n                            <a href=\"https:\/\/luxiona.pl\/wp-content\/uploads\/2021\/04\/LUXIONA_ENG_B.pdf\" target=\"_blank\" class=\"px-5  d-block\">\n                                <div class=\"text-center\">\n                                    <img decoding=\"async\" src=\"https:\/\/luxiona.pl\/wp-content\/uploads\/2021\/04\/troll-2021-scaled.jpg\" class=\"img-fluid\" \/>\n                                <\/div>\n                                <div class=\"text-center\">\n                                    <p class=\"mt-3\">Troll-Katalog 2021<\/p>\n                                <\/div>   \n                            <\/a>\n                        <\/div>\n                                                <\/div>\n            <\/div>\n        <\/div>\n    <\/section>\n<\/div>\n\n\n<h2 class=\"wp-block-heading\"> <strong>Brosch\u00fcren<\/strong> <\/h2>\n\n\n<div class=\"row\">\n    <section id=\"block-row-block_302b09eaee69548eef1c3072dc275dbf\" class=\"container-fluid  luxiona-block block-dowload  mb-5\">\n        <div class=\"row\">\n            <div class=\"container \">\n                <div class=\"row \">\n                                                        <div class=\"col-lg-3 col-md-6 col-12 mb-4\">\n                            <a href=\"https:\/\/luxiona.pl\/wp-content\/uploads\/2020\/03\/Broszura-Przemyslowa-EN.pdf\" target=\"_blank\" class=\"px-5  d-block\">\n                                <div class=\"text-center\">\n                                    <img decoding=\"async\" src=\"https:\/\/luxiona.pl\/wp-content\/uploads\/2020\/03\/przemysl-en.jpg\" class=\"img-fluid\" \/>\n                                <\/div>\n                                <div class=\"text-center\">\n                                    <p class=\"mt-3\">Lichtl\u00f6sungen f\u00fcr Industrie<\/p>\n                                <\/div>   \n                            <\/a>\n                        <\/div>\n                                        <div class=\"col-lg-3 col-md-6 col-12 mb-4\">\n                            <a href=\"https:\/\/luxiona.pl\/wp-content\/uploads\/2020\/03\/Broszura-Biurowa-EN-2.0-interactive.pdf\" target=\"_blank\" class=\"px-5  d-block\">\n                                <div class=\"text-center\">\n                                    <img decoding=\"async\" src=\"https:\/\/luxiona.pl\/wp-content\/uploads\/2020\/03\/Broszura-Biurowa-EN-2.jpg\" class=\"img-fluid\" \/>\n                                <\/div>\n                                <div class=\"text-center\">\n                                    <p class=\"mt-3\">Beleuchtungsl\u00f6sungen f\u00fcr Architektur und B\u00fcro<\/p>\n                                <\/div>   \n                            <\/a>\n                        <\/div>\n                                        <div class=\"col-lg-3 col-md-6 col-12 mb-4\">\n                            <a href=\"https:\/\/luxiona.pl\/wp-content\/uploads\/2020\/03\/Broszura_Mieszkaniowa_EN.pdf\" target=\"_blank\" class=\"px-5  d-block\">\n                                <div class=\"text-center\">\n                                    <img decoding=\"async\" src=\"https:\/\/luxiona.pl\/wp-content\/uploads\/2020\/03\/Broszura_Mieszkaniowa_EN.jpg\" class=\"img-fluid\" \/>\n                                <\/div>\n                                <div class=\"text-center\">\n                                    <p class=\"mt-3\">Wohngeb\u00e4ude &#038; Au\u00dfenbeleuchtung<\/p>\n                                <\/div>   \n                            <\/a>\n                        <\/div>\n                                        <div class=\"col-lg-3 col-md-6 col-12 mb-4\">\n                            <a href=\"https:\/\/luxiona.pl\/wp-content\/uploads\/2020\/03\/Broszura-HCL-EN.pdf\" target=\"_blank\" class=\"px-5  d-block\">\n                                <div class=\"text-center\">\n                                    <img decoding=\"async\" src=\"https:\/\/luxiona.pl\/wp-content\/uploads\/2020\/03\/Broszura-HCL-1.jpg\" class=\"img-fluid\" \/>\n                                <\/div>\n                                <div class=\"text-center\">\n                                    <p class=\"mt-3\">Human Centric Lighting<\/p>\n                                <\/div>   \n                            <\/a>\n                        <\/div>\n                                        <div class=\"col-lg-3 col-md-6 col-12 mb-4\">\n                            <a href=\"https:\/\/luxiona.pl\/wp-content\/uploads\/2020\/03\/Broszura_Clean_DE.pdf\" target=\"_blank\" class=\"px-5  d-block\">\n                                <div class=\"text-center\">\n                                    <img decoding=\"async\" src=\"https:\/\/luxiona.pl\/wp-content\/uploads\/2020\/03\/clean_DE.jpg\" class=\"img-fluid\" \/>\n                                <\/div>\n                                <div class=\"text-center\">\n                                    <p class=\"mt-3\">REINRAUMLEUCHTEN PROGRAMM Beleuchtungssysteme f\u00fcr Reinr\u00e4ume<\/p>\n                                <\/div>   \n                            <\/a>\n                        <\/div>\n                                        <div class=\"col-lg-3 col-md-6 col-12 mb-4\">\n                            <a href=\"https:\/\/luxiona.pl\/wp-content\/uploads\/2020\/03\/Broszura_Szkola_DE.pdf\" target=\"_blank\" class=\"px-5  d-block\">\n                                <div class=\"text-center\">\n                                    <img decoding=\"async\" src=\"https:\/\/luxiona.pl\/wp-content\/uploads\/2020\/03\/szkolaDE.jpg\" class=\"img-fluid\" \/>\n                                <\/div>\n                                <div class=\"text-center\">\n                                    <p class=\"mt-3\">Schulprogramm<\/p>\n                                <\/div>   \n                            <\/a>\n                        <\/div>\n                                        <div class=\"col-lg-3 col-md-6 col-12 mb-4\">\n                            <a href=\"https:\/\/luxiona.pl\/wp-content\/uploads\/2020\/03\/StreetPark-DE.pdf\" target=\"_blank\" class=\"px-5  d-block\">\n                                <div class=\"text-center\">\n                                    <img decoding=\"async\" src=\"https:\/\/luxiona.pl\/wp-content\/uploads\/2020\/03\/StreetPark-DE.jpg\" class=\"img-fluid\" \/>\n                                <\/div>\n                                <div class=\"text-center\">\n                                    <p class=\"mt-3\">Streetpark S\/M LED<\/p>\n                                <\/div>   \n                            <\/a>\n                        <\/div>\n                                        <div class=\"col-lg-3 col-md-6 col-12 mb-4\">\n                            <a href=\"https:\/\/luxiona.pl\/wp-content\/uploads\/2020\/08\/Ulotka-UV-DE.pdf\" target=\"_blank\" class=\"px-5  d-block\">\n                                <div class=\"text-center\">\n                                    <img decoding=\"async\" src=\"https:\/\/luxiona.pl\/wp-content\/uploads\/2020\/08\/uv-c-de.jpg\" class=\"img-fluid\" \/>\n                                <\/div>\n                                <div class=\"text-center\">\n                                    <p class=\"mt-3\">UV-C-LEUCHTEN Spezielle Desinfektionsbeleuchtung<\/p>\n                                <\/div>   \n                            <\/a>\n                        <\/div>\n                                        <div class=\"col-lg-3 col-md-6 col-12 mb-4\">\n                            <a href=\"https:\/\/luxiona.pl\/wp-content\/uploads\/2020\/10\/robot-uv-c-de-2.pdf\" target=\"_blank\" class=\"px-5  d-block\">\n                                <div class=\"text-center\">\n                                    <img decoding=\"async\" src=\"https:\/\/luxiona.pl\/wp-content\/uploads\/2020\/10\/robot-uv-c-de-2-1.jpg\" class=\"img-fluid\" \/>\n                                <\/div>\n                                <div class=\"text-center\">\n                                    <p class=\"mt-3\">UV-C-Desinfektionsroboter<\/p>\n                                <\/div>   \n                            <\/a>\n                        <\/div>\n                                                <\/div>\n            <\/div>\n        <\/div>\n    <\/section>\n<\/div>\n\n\n<h2 class=\"wp-block-heading\"> <strong>Unterlagen<\/strong> <\/h2>\n\n\n<div class=\"row\">\n    <section id=\"block-row-block_2a04961249246ee211ad90de50efaf24\" class=\"container-fluid  luxiona-block block-dowload  mb-5\">\n        <div class=\"row\">\n            <div class=\"container \">\n                <div class=\"row \">\n                                                        <div class=\"col-lg-3 col-md-6 col-12 mb-4\">\n                            <a href=\"https:\/\/luxiona.pl\/wp-content\/uploads\/2023\/05\/Certyfikat-Luxiona-9001-ang.pdf\" target=\"_blank\" class=\"px-5  d-block\">\n                                <div class=\"text-center\">\n                                    <img decoding=\"async\" src=\"https:\/\/luxiona.pl\/wp-content\/uploads\/2020\/03\/pdf.jpg\" class=\"img-fluid\" \/>\n                                <\/div>\n                                <div class=\"text-center\">\n                                    <p class=\"mt-3\">Zertifikat ISO 9001<\/p>\n                                <\/div>   \n                            <\/a>\n                        <\/div>\n                                        <div class=\"col-lg-3 col-md-6 col-12 mb-4\">\n                            <a href=\"https:\/\/luxiona.pl\/wp-content\/uploads\/2023\/05\/Certyfikat-Luxiona-14001-ang.pdf\" target=\"_blank\" class=\"px-5  d-block\">\n                                <div class=\"text-center\">\n                                    <img decoding=\"async\" src=\"https:\/\/luxiona.pl\/wp-content\/uploads\/2020\/03\/pdf.jpg\" class=\"img-fluid\" \/>\n                                <\/div>\n                                <div class=\"text-center\">\n                                    <p class=\"mt-3\">Zertifikat ISO 14001<\/p>\n                                <\/div>   \n                            <\/a>\n                        <\/div>\n                                        <div class=\"col-lg-3 col-md-6 col-12 mb-4\">\n                            <a href=\"https:\/\/luxiona.pl\/wp-content\/uploads\/2026\/04\/LUXIONA-ISO13485-pol-eng_2026-2029.pdf\" target=\"_blank\" class=\"px-5  d-block\">\n                                <div class=\"text-center\">\n                                    <img decoding=\"async\" src=\"https:\/\/luxiona.pl\/wp-content\/uploads\/2020\/03\/pdf.jpg\" class=\"img-fluid\" \/>\n                                <\/div>\n                                <div class=\"text-center\">\n                                    <p class=\"mt-3\">Zertifikat ISO 13485<\/p>\n                                <\/div>   \n                            <\/a>\n                        <\/div>\n                                        <div class=\"col-lg-3 col-md-6 col-12 mb-4\">\n                            <a href=\"https:\/\/luxiona.pl\/wp-content\/uploads\/2023\/05\/491-3_CERTYFIKAT-Luxiona-HACCP-ang.pdf\" target=\"_blank\" class=\"px-5  d-block\">\n                                <div class=\"text-center\">\n                                    <img decoding=\"async\" src=\"https:\/\/luxiona.pl\/wp-content\/uploads\/2020\/03\/pdf.jpg\" class=\"img-fluid\" \/>\n                                <\/div>\n                                <div class=\"text-center\">\n                                    <p class=\"mt-3\">Zertifikat HACCP<\/p>\n                                <\/div>   \n                            <\/a>\n                        <\/div>\n                                        <div class=\"col-lg-3 col-md-6 col-12 mb-4\">\n                            <a href=\"https:\/\/luxiona.pl\/wp-content\/uploads\/2020\/03\/AGB-der-Firma-LUXIONA-GmbH.pdf\" target=\"_blank\" class=\"px-5  d-block\">\n                                <div class=\"text-center\">\n                                    <img decoding=\"async\" src=\"https:\/\/luxiona.pl\/wp-content\/uploads\/2020\/03\/pdf.jpg\" class=\"img-fluid\" \/>\n                                <\/div>\n                                <div class=\"text-center\">\n                                    <p class=\"mt-3\">Allgemeine Verkaufsbedingungen<\/p>\n                                <\/div>   \n                            <\/a>\n                        <\/div>\n                                        <div class=\"col-lg-3 col-md-6 col-12 mb-4\">\n                            <a href=\"https:\/\/luxiona.pl\/wp-content\/uploads\/2020\/05\/OWG_DE-1.pdf\" target=\"_blank\" class=\"px-5  d-block\">\n                                <div class=\"text-center\">\n                                    <img decoding=\"async\" src=\"https:\/\/luxiona.pl\/wp-content\/uploads\/2020\/03\/pdf.jpg\" class=\"img-fluid\" \/>\n                                <\/div>\n                                <div class=\"text-center\">\n                                    <p class=\"mt-3\">Allgemeine Garantiebestimmungen<\/p>\n                                <\/div>   \n                            <\/a>\n                        <\/div>\n                                        <div class=\"col-lg-3 col-md-6 col-12 mb-4\">\n                            <a href=\"https:\/\/luxiona.pl\/wp-content\/uploads\/2020\/03\/customer_claim_form.pdf\" target=\"_blank\" class=\"px-5  d-block\">\n                                <div class=\"text-center\">\n                                    <img decoding=\"async\" src=\"https:\/\/luxiona.pl\/wp-content\/uploads\/2020\/03\/pdf.jpg\" class=\"img-fluid\" \/>\n                                <\/div>\n                                <div class=\"text-center\">\n                                    <p class=\"mt-3\">Kundenanspruchsformular<\/p>\n                                <\/div>   \n                            <\/a>\n                        <\/div>\n                                        <div class=\"col-lg-3 col-md-6 col-12 mb-4\">\n                            <a href=\"https:\/\/luxiona.pl\/wp-content\/uploads\/2023\/11\/Zertifikat-Der-Bonitat_Luxiona-Poland-SA_2023-11-24.pdf\" target=\"_blank\" class=\"px-5  d-block\">\n                                <div class=\"text-center\">\n                                    <img decoding=\"async\" src=\"https:\/\/luxiona.pl\/wp-content\/uploads\/2020\/03\/pdf.jpg\" class=\"img-fluid\" \/>\n                                <\/div>\n                                <div class=\"text-center\">\n                                    <p class=\"mt-3\">Zertifikat der Bonit\u00e4t<\/p>\n                                <\/div>   \n                            <\/a>\n                        <\/div>\n                                        <div class=\"col-lg-3 col-md-6 col-12 mb-4\">\n                            <a href=\"https:\/\/luxiona.pl\/wp-content\/uploads\/2020\/11\/polityka_de1.pdf\" target=\"_blank\" class=\"px-5  d-block\">\n                                <div class=\"text-center\">\n                                    <img decoding=\"async\" src=\"https:\/\/luxiona.pl\/wp-content\/uploads\/2020\/03\/pdf.jpg\" class=\"img-fluid\" \/>\n                                <\/div>\n                                <div class=\"text-center\">\n                                    <p class=\"mt-3\">Datenschutzerkl\u00e4rung Luxiona GmbH<\/p>\n                                <\/div>   \n                            <\/a>\n                        <\/div>\n                                        <div class=\"col-lg-3 col-md-6 col-12 mb-4\">\n                            <a href=\"https:\/\/luxiona.pl\/wp-content\/uploads\/2025\/03\/respect_energy_certificate.pdf\" target=\"_blank\" class=\"px-5  d-block\">\n                                <div class=\"text-center\">\n                                    <img decoding=\"async\" src=\"https:\/\/luxiona.pl\/wp-content\/uploads\/2020\/03\/pdf.jpg\" class=\"img-fluid\" \/>\n                                <\/div>\n                                <div class=\"text-center\">\n                                    <p class=\"mt-3\">Gr\u00fcnes Zertifikat<\/p>\n                                <\/div>   \n                            <\/a>\n                        <\/div>\n                                                <\/div>\n            <\/div>\n        <\/div>\n    <\/section>\n<\/div>","protected":false},"excerpt":{"rendered":"<p>Kataloge Brosch\u00fcren Unterlagen<\/p>\n","protected":false},"author":5,"featured_media":0,"parent":0,"menu_order":0,"comment_status":"closed","ping_status":"closed","template":"","meta":{"_acf_changed":false,"_monsterinsights_skip_tracking":false,"_monsterinsights_sitenote_active":false,"_monsterinsights_sitenote_note":"","_monsterinsights_sitenote_category":0,"footnotes":""},"class_list":["post-4072","page","type-page","status-publish","hentry"],"acf":[],"_links":{"self":[{"href":"https:\/\/luxiona.pl\/de\/wp-json\/wp\/v2\/pages\/4072","targetHints":{"allow":["GET"]}}],"collection":[{"href":"https:\/\/luxiona.pl\/de\/wp-json\/wp\/v2\/pages"}],"about":[{"href":"https:\/\/luxiona.pl\/de\/wp-json\/wp\/v2\/types\/page"}],"author":[{"embeddable":true,"href":"https:\/\/luxiona.pl\/de\/wp-json\/wp\/v2\/users\/5"}],"replies":[{"embeddable":true,"href":"https:\/\/luxiona.pl\/de\/wp-json\/wp\/v2\/comments?post=4072"}],"version-history":[{"count":6,"href":"https:\/\/luxiona.pl\/de\/wp-json\/wp\/v2\/pages\/4072\/revisions"}],"predecessor-version":[{"id":15226,"href":"https:\/\/luxiona.pl\/de\/wp-json\/wp\/v2\/pages\/4072\/revisions\/15226"}],"wp:attachment":[{"href":"https:\/\/luxiona.pl\/de\/wp-json\/wp\/v2\/media?parent=4072"}],"curies":[{"name":"wp","href":"https:\/\/api.w.org\/{rel}","templated":true}]}}