{"id":3909,"date":"2020-02-09T07:58:39","date_gmt":"2020-02-09T07:58:39","guid":{"rendered":"https:\/\/luxiona.beastiecode.com\/o-nas\/"},"modified":"2026-04-03T07:03:32","modified_gmt":"2026-04-03T07:03:32","slug":"about-us","status":"publish","type":"page","link":"https:\/\/luxiona.pl\/en\/about-us\/","title":{"rendered":"About us"},"content":{"rendered":"\n<div class=\"row\">\n    <section id=\"block-row-block_ce830a6821606c0d4712059fb7e7e495\" class=\"container-fluid   mb-5\">\n        <div class=\"row\">\n            <div class=\"container \">\n                <div class=\"row align-items-stretch\">\n                                                        <div class=\"col-lg-4 \">\n                            <div class=\"imgbox-container h-100\">\n        <div class=\"imgbox py-5 d-flex align-items-center justify-content-center text-center h-100\" style=\"background-image:url(https:\/\/luxiona.pl\/wp-content\/uploads\/2019\/12\/DSC08235-kopia.jpg);\">\n            <h3>An expert in the creation of lighting systems<\/h3>\n        <\/div>\n    <\/div>\n  \n                    <\/div>\n                                        <div class=\"col-lg-8\">\n                        <p><!-- wp:paragraph --><\/p>\n<p><strong>The LUXIONA Group, including LUXIONA Poland which continues to implement the Group strategy, specializes in the composition and creation of indoor and outdoor lighting systems, basing on the vast experts\u2019 experience and the broad scope of product brands. <\/strong><\/p>\n<p><!-- \/wp:paragraph --> <!-- wp:paragraph --><\/p>\n<p>An integral part in the offer of LUXIONA Poland are comprehensive lighting solutions, which cover both the production and design services, in the widest sense of the word, delivered by high class designers and ready to meet the requirements of, among others: architectural spaces, areas in the so-called clean rooms, commercial surfaces etc.<\/p>\n<p><!-- \/wp:paragraph --> <!-- wp:paragraph --><\/p>\n<p>LUXIONA Poland is an indisputable leader on the market of CLEAN ROOM type of solutions \u2013 for the so-called clean premises i.e. sterile lighting in hospital premises, lighting in pharmaceutical plants or<strong> chemical laboratories.<\/strong><\/p>\n<p><!-- \/wp:paragraph --> <!-- wp:paragraph --><\/p>\n<p>LUXIONA Poland hires professionals from the lighting industry having vast experience in the business. In managing a project, the team of LUXIONA Poland guarantees the application of the best possible technical solutions in the area of ultimate use of lighting solutions. The LUXIONA Poland team specializes in implementing projects which require an individual approach and the application of modern technologies.  <\/p>\n<p><!-- \/wp:paragraph --> <!-- wp:paragraph --><\/p>\n<p>The LUXIONA Group and LUXIONA Poland provided their lighting systems in exemplary prestigious projects mentioned below:<\/p>\n<p><!-- \/wp:paragraph --> <!-- wp:paragraph --><\/p>\n<p>\u2022 the Sagrada Familia Cathedral in Barcelona, designed by Antonio Gaudi,<br \/>\n\u2022  the Justice City in Barcelona, designed by David Chipperfeld,<br \/>\n\u2022 the Central Station in Warsaw,<br \/>\n\u2022 the Catalina office building in Warsaw,<br \/>\n\u2022  Cancer Prevention Center in Warsaw.<\/p>\n<p><!-- \/wp:paragraph --><\/p>\n                    <\/div>\n                                                    <\/div>\n            <\/div>\n        <\/div>\n    <\/section>\n<\/div>\n\n\n<div class=\"row\">\n    <section id=\"block-row-block_7365c30e9f542ea978c1447eb58347e0\" class=\"container-fluid   mb-5\">\n        <div class=\"row\">\n            <div class=\"container \">\n                <div class=\"row \">\n                                                        <div class=\"col-12\">\n                        <h3 class=\"color-lux-gray\">Range of services<\/h3>\n<p>The object of LUXIONA Poland activity is to deliver complementary orders regarding the creation of lighting systems, which covers the process of designing, including the selection of appropriate luminaries and customizing the production process to reflect the requirements of a particular investment. The services delivered by the production plant are distinguished by flexibility, which gives the opportunity to introduce product modifications and enables a short term for delivery.<\/p>\n<p>A broad product offer and the opportunity to use flexible services of the production department guarantee unlimited possibilities of designing lighting systems, even for the most challenging architectural solutions.<\/p>\n<p>The offer by Luxiona Poland includes also ready-made lighting solutions, which is helpful for architects and designers. The programmes under which a group of experts developed functional lighting systems, dedicated to particular areas and premises, are as follows:<\/p>\n                    <\/div>\n                                                    <\/div>\n            <\/div>\n        <\/div>\n    <\/section>\n<\/div>\n\n\n<div class=\"row\">\n    <section id=\"block-row-block_0976abe953f337b526fba3044743a4c9\" class=\"container-fluid   mb-5\">\n        <div class=\"row\">\n            <div class=\"container \">\n                <div class=\"row justify-content-start\">\n                                                        <div class=\"col-lg-4 mb-4\">\n                            <div class=\"imgbox-container \">\n        <div class=\"imgbox py-5 d-flex align-items-center justify-content-center text-center\" style=\"background-image:url(https:\/\/luxiona.pl\/wp-content\/uploads\/2020\/02\/JOLLY_1.jpg);\">\n            <h3>The Clean Programme <\/h3>\n        <\/div>\n    <\/div>\n  \n<p><strong>A lighting system for the so-called clean rooms<\/strong><\/p>\n<p>Luxiona Poland is a leader offering lighting systems for the so-called clean rooms.  A broad scope of the CLEAN type luminaries ensures the quality and safety of lighting  in the CLEAN ROOM type of premises: operating wards, premises surrounding operating wards, sterilization rooms, laboratories, pharmaceutical premises and other specialist solutions.<\/p>\n                    <\/div>\n                                        <div class=\"col-lg-4 mb-4\">\n                            <div class=\"imgbox-container \">\n        <div class=\"imgbox py-5 d-flex align-items-center justify-content-center text-center\" style=\"background-image:url(https:\/\/luxiona.pl\/wp-content\/uploads\/2019\/12\/IMG_8569.jpg);\">\n            <h3>The Supermarket Programme <\/h3>\n        <\/div>\n    <\/div>\n  \n<p><strong>A lighting system for stores<\/strong><br \/>\nIt is a special offer containing  solutions dedicated to  stores and supermarkets. It is based on specialist  technical solutions for lighting  enabling a type of use which  will bring considerable financial advantages.<\/p>\n<p>For a long time stores have been using certain methods of fragrance marketing of audio-marketing, affecting customers through appealing to their senses.<\/p>\n<p>Facing the requirements of lighting merchandising and marketing, we have prepared a product offer which creates an opportunity to \u201cemphasize\u201d Premium products in shopping aisles. The main concept of the programme is the new approach to the function fulfilled by lighting in a store. <\/p>\n                    <\/div>\n                                        <div class=\"col-lg-4 mb-4\">\n                            <div class=\"imgbox-container \">\n        <div class=\"imgbox py-5 d-flex align-items-center justify-content-center text-center\" style=\"background-image:url(https:\/\/luxiona.pl\/wp-content\/uploads\/2019\/12\/DSC06328-1.jpg);\">\n            <h3>The School Programme<\/h3>\n        <\/div>\n    <\/div>\n  \n<p><strong>A lighting system in educational facilities<\/strong><br \/>\nThe School Programme has a special importance for us, being a specific kind of mission of the company. Taking care of the health and development of children, our experts have prepared a special offer dedicated to schools. We want our work to contribute to better learning conditions for children, which will stimulate their development, instead of creating problems with vision and concentration. A good light  enhances speed of reading, concentration and focus in children.<\/p>\n<p>Our offer has been developed in a manner enabling the best possible lighting conditions for children in schools, with simultaneous care for schools\u2019 finance.<\/p>\n<p>The products used in our model design make it possible to achieve optimum light intensity, direction and color, at the same time offering considerable savings  resulting from a smaller energy consumption.<\/p>\n                    <\/div>\n                                        <div class=\"col-lg-4 mb-4\">\n                            <div class=\"imgbox-container \">\n        <div class=\"imgbox py-5 d-flex align-items-center justify-content-center text-center\" style=\"background-image:url(https:\/\/luxiona.pl\/wp-content\/uploads\/2019\/12\/DSC08235-kopia.jpg);\">\n            <h3>The Green Gas Station Programme<\/h3>\n        <\/div>\n    <\/div>\n  \n<p><strong>A lighting system for gas stations<\/strong><\/p>\n<p>The Programme has been created for the owners of gas stations, giving them the opportunity to achieve optimum lighting for particular elements in the premises. Applying the most modern LED lighting technology, enhanced with regulation system and hands-off system operation positively affects the savings of electricity, at the same time creating the image of a station. In addition, the innovative solution for illuminating vertical surfaces enhances the visibility of a station from the  road.<\/p>\n                    <\/div>\n                                        <div class=\"col-lg-4 mb-4\">\n                            <div class=\"imgbox-container \">\n        <div class=\"imgbox py-5 d-flex align-items-center justify-content-center text-center\" style=\"background-image:url(https:\/\/luxiona.pl\/wp-content\/uploads\/2019\/12\/DSC05762.jpg);\">\n            <h3>The Outdoor Programme<\/h3>\n        <\/div>\n    <\/div>\n  \n<p><strong>Lighting for outdoor architectural spaces<\/strong><\/p>\n<p>A comprehensive offer  regarding the systems for outdoor lighting, prepared to include the most recent  technological and design solutions. The systems are  meant for application in  road, street, city, park lighting and  illumination projects.<\/p>\n                    <\/div>\n                                        <div class=\"col-12\">\n                        <p>Being the supplier of lighting solutions, Luxiona Poland experts ensure that their Customers receive a full scope of consultancy, at every stage of implementation of lighting investments.<br \/>\nA broad product assortment of Luxiona Poland enables the creation of solutions  dedicated to particular investments. The list of products contained in the product catalogue is only a starting point when it comes to creating a personalized lighting project.<\/p>\n                    <\/div>\n                                                    <\/div>\n            <\/div>\n        <\/div>\n    <\/section>\n<\/div>\n\n\n<div class=\"row\">\n    <section id=\"block-row-block_3b1fd54c1315d3f9c65dec0a08a344a4\" class=\"container-fluid   mb-5\">\n        <div class=\"row\">\n            <div class=\"container \">\n                <div class=\"row \">\n                                                        <div class=\"col-lg-8\">\n                        <p>The Polish production plant of LUXIONA Poland is situated in Jacent\u00f3w near Ostrowiec \u015awi\u0119tokrzyski. The total area of land is 57,000 m<sup>2<\/sup>. Production process within the plant is carried out in accordance to the newest solutions and technologies. The power of the plant includes its machinery, the highest employees\u2019\u2019 competences, product flexibility, short lead time of completion, customizing the solutions, and its productivity.<\/p>\n<p>There are 35 thousand ID codes for finished products available in computer system, such as: architectural luminaries, projectors, to be built-in luminaries, ceiling luminaries, CLEAN type luminaries, industrial and sport luminaries, and outside luminaries.<\/p>\n<p>Owing to the continuous production process customized solutions the LUXIONA Poland Company responds quickly to the dynamic development and requirements of the market.<\/p>\n<p>Download:<br \/>\n<a href=\"https:\/\/luxiona.pl\/wp-content\/uploads\/2023\/05\/Certyfikat-Luxiona-9001-ang.pdf\" target=\"_blank\" rel=\"noopener\">Certificate ISO 9001<\/a><br \/>\n<a href=\"https:\/\/luxiona.pl\/wp-content\/uploads\/2023\/05\/Certyfikat-Luxiona-14001-ang.pdf\" target=\"_blank\" rel=\"noopener\">Certificate ISO 14001<\/a><br \/>\n<a href=\"https:\/\/luxiona.pl\/wp-content\/uploads\/2026\/04\/LUXIONA-ISO13485-pol-eng_2026-2029.pdf\">Certificate ISO 13485<\/a><br \/>\n<a href=\"https:\/\/luxiona.pl\/wp-content\/uploads\/2023\/05\/491-3_CERTYFIKAT-Luxiona-HACCP-ang.pdf\" target=\"_blank\" rel=\"noopener\">Certificate HACCP<\/a><\/p>\n                    <\/div>\n                                        <div class=\"col-lg-4\">\n                            <div class=\"imgbox-container h-100\">\n        <div class=\"imgbox py-5 d-flex align-items-center justify-content-center text-center h-100\" style=\"background-image:url(https:\/\/luxiona.pl\/wp-content\/uploads\/2020\/02\/montaz.jpg);\">\n            <h3>Production plant in Poland &#8211; Jacent\u00f3w<\/h3>\n        <\/div>\n    <\/div>\n  \n                    <\/div>\n                                                    <\/div>\n            <\/div>\n        <\/div>\n    <\/section>\n<\/div>\n\n\n<div class=\"row\">\n    <section id=\"block-row-block_9f345bdda5d53a4fad38057b69656dcf\" class=\"container-fluid   mb-5\">\n        <div class=\"row\">\n            <div class=\"container \">\n                <div class=\"row \">\n                                                        <div class=\"col-lg-4\">\n                            <div class=\"imgbox-container h-100\">\n        <div class=\"imgbox py-5 d-flex align-items-center justify-content-center text-center h-100\" style=\"background-image:url(https:\/\/luxiona.pl\/wp-content\/uploads\/2020\/02\/luxiona-historia.jpg);\">\n            <h3>The experience of two centuries<\/h3>\n        <\/div>\n    <\/div>\n  \n                    <\/div>\n                                        <div class=\"col-lg-8\">\n                        <p>Luxiona Poland started its operations in the lighting industry through the expansion of the  Luxiona Group whose development plan included adding a member to the Group having a Polish origin and vast experience on the lighting market, as well as a professional production background, which formerly operated under the name Aga Light.<\/p>\n<p><strong>The story of Aga Light SA operations in Poland:<\/strong><\/p>\n<p><strong>Production and offer:<\/strong><\/p>\n<p>The Manufacturer and Distributor of luminaries produced in Poland \u2013 designed for special-purpose premises, office, commercial and industrial premises and having it seat in Jacent\u00f3w and a trade office in Macierzysz.<br \/>\nAga Light SA has obtained ISO 9001 and 14001 certificates, 35% of Aga Light production is exported to European Union countries. <\/p>\n<p><strong>Environmental protection:<\/strong><\/p>\n<p>Aga Light SA, acting as a Polish company, undertook large scale actions to protect the environment and promote energy saving lighting systems.<\/p>\n<p>2009 &#8211; AGA LIGHT SA joins the Spanish LUXIONA Group, in accordance with the Group\u2019s plans for growth.<br \/>\nThe Spanish LUXIONA Group, successfully operating  on the international market for professional lighting,  is known as the supplier one of the most comprehensive offers of lighting solutions on the European market. The Group consistently implements its plans for international development and keeps expanding its product offer. The Group offers the following brands: Troll ( technical lighting), Metalarte (decorative lighting), Sagelux (emergency lighting ) LED &#038; Co (diode type lighting). <\/p>\n<p><strong>The story of Luxiona Group operations:<\/strong><\/p>\n<p>The product brands  combined in the overall offer of the Luxiona Group reflect the experience of many dedicated professionals working on their development over the two past centuries:<br \/>\n1929: TROLL<br \/>\n1932: METALARTE<br \/>\n1982: SAGELUX<br \/>\n1999: LED&#038;CO<br \/>\n1929: establishment of J. Feliu de la Penya, a company dealing with the production and sales of indoor lighting products.<br \/>\n1932: creating the Metalarte brand concentrating on the design, production and  sales of decorative lighting.<br \/>\n1974: introducing the Troll brand, with production based on busbars enabling flexible location of luminaries, especially projectors, which was inspired by the system of rail electric transport by means of trolleybuses popular in those days and used in big cities all over the world. The success of that ingenious invention (which was patented in 1961) contributed to the growth of sales  by the Troll company which became  one of the leaders on the lighting market.<br \/>\n1980- 1989: the period of significant expansion of the company which obtained the position of a leader among companies offering lighting  products in Spain. The establishment of our principal design center and the development of an effective strategy for distribution.<br \/>\n1989: acquisition and merger with the Nipsa and Fludesa companies specializing in  strip lighting..<br \/>\n1990- 1999: a successful expansion on international markets which resulted in opening representative offices in France, Germany, Mexico and Italy.<br \/>\n1999: acquisition of the companies: Metalarte \u2013 specializing in decorative lighting and Tronics (Led&#038;Co) \u2013 manufacturer of  electronic equipment and systems for lighting products.<br \/>\n2002: opening a representative office in Portugal.<br \/>\n2007: acquisition of Promolec S.L. (Sagelux), a company specializing in emergency lighting. Opening a branch in China, the production, sales and distribution of which are directed at the domestic market.<br \/>\n2008: establishment of a new commercial company in Holland.<br \/>\n2009: acquisition of Aga Light S.A. (Poland), specializing in the production of airtight  luminaries aimed for  the so-called clean premises.<br \/>\n2011: creating the LUXIONA brand as a reliable group offering lighting products,  focusing on the provision of comprehensive services through a complete and efficient portfolio of lighting brands offered by the Group.<\/p>\n                    <\/div>\n                                                    <\/div>\n            <\/div>\n        <\/div>\n    <\/section>\n<\/div>","protected":false},"excerpt":{"rendered":"","protected":false},"author":5,"featured_media":0,"parent":0,"menu_order":0,"comment_status":"closed","ping_status":"closed","template":"","meta":{"_acf_changed":false,"_monsterinsights_skip_tracking":false,"_monsterinsights_sitenote_active":false,"_monsterinsights_sitenote_note":"","_monsterinsights_sitenote_category":0,"footnotes":""},"class_list":["post-3909","page","type-page","status-publish","hentry"],"acf":[],"_links":{"self":[{"href":"https:\/\/luxiona.pl\/en\/wp-json\/wp\/v2\/pages\/3909","targetHints":{"allow":["GET"]}}],"collection":[{"href":"https:\/\/luxiona.pl\/en\/wp-json\/wp\/v2\/pages"}],"about":[{"href":"https:\/\/luxiona.pl\/en\/wp-json\/wp\/v2\/types\/page"}],"author":[{"embeddable":true,"href":"https:\/\/luxiona.pl\/en\/wp-json\/wp\/v2\/users\/5"}],"replies":[{"embeddable":true,"href":"https:\/\/luxiona.pl\/en\/wp-json\/wp\/v2\/comments?post=3909"}],"version-history":[{"count":10,"href":"https:\/\/luxiona.pl\/en\/wp-json\/wp\/v2\/pages\/3909\/revisions"}],"predecessor-version":[{"id":15229,"href":"https:\/\/luxiona.pl\/en\/wp-json\/wp\/v2\/pages\/3909\/revisions\/15229"}],"wp:attachment":[{"href":"https:\/\/luxiona.pl\/en\/wp-json\/wp\/v2\/media?parent=3909"}],"curies":[{"name":"wp","href":"https:\/\/api.w.org\/{rel}","templated":true}]}}